{"id":315,"date":"2023-03-23T08:45:24","date_gmt":"2023-03-23T08:45:24","guid":{"rendered":"https:\/\/live-benefits-faq-csv.pantheonsite.io\/inicio\/"},"modified":"2023-04-14T21:56:00","modified_gmt":"2023-04-14T21:56:00","slug":"inicio","status":"publish","type":"page","link":"https:\/\/csv.mybenefitsfaq.com\/es\/","title":{"rendered":"Inicio"},"content":{"rendered":"<div id=\"hero\"><!--Hero Slider Row Start-->\r\n<section class=\"hero wow fadeIn\" data-wow-duration=\"0.2s\">\r\n\t\t<picture>\r\n\t\t<source srcset=\"https:\/\/csv.mybenefitsfaq.com\/wp-content\/uploads\/2023\/04\/csv-faq-header-1920x597.jpg\" media=\"(min-width: 1025px)\">\r\n\t\t<source srcset=\"https:\/\/csv.mybenefitsfaq.com\/wp-content\/uploads\/2023\/04\/csv-faq-header-1024x612.jpg\" media=\"(max-width: 1024px)\">\r\n\t\t<img decoding=\"async\" loading=\"lazy\" width=\"1024\" height=\"612\" src=\"https:\/\/csv.mybenefitsfaq.com\/wp-content\/uploads\/2023\/04\/csv-faq-header-1024x612.jpg\" alt=\"\" \/>\r\n\t<\/picture>\r\n\t\t\t<div class=\"hero-in fw flex wow fadeInUp50\" data-wow-duration=\"0.5s\">\r\n\t\t\t<div class=\"hero-content\">\r\n\t\t\t<h1>Preguntas frecuentes<\/h1>\r\n\t\t\t<\/div>\r\n\t\t<\/div>\r\n\t<\/section>\r\n<!--Hero Slider Row End-->\r\n<style>.hero{width:100%;position:relative}.hero .hero-in,.hero::before{height:100%;position:absolute;left:0;top:0}.hero::before{width:100%;background:-webkit-linear-gradient(left,rgba(14,33,54,.75) 0,rgba(14,33,54,0) 41.29%);background:linear-gradient(90deg,rgba(14,33,54,.75) 0,rgba(14,33,54,0) 41.29%);content:''}.hero picture img{width:100%;height:59.73vw;object-fit:cover}.hero .hero-in{-webkit-box-align:end;-webkit-align-items:flex-end;-ms-flex-align:end;align-items:flex-end;right:0;z-index:2}.hero .hero-in .hero-content{padding-bottom:44px}.hero .hero-in h1:only-of-type{margin:0}<\/style><style media=\"(min-width: 1024px)\">@media screen and (min-width:1025px){.hero picture img{width:100%;height:auto}.hero .hero-in .hero-content{padding-bottom:93px}}<\/style><\/div><div id=\"faqs\">   \n<section class=\"faq-list list-style-border\">\n<div class=\"faq-list-in fw flex\">\n\t\t\t\t<div class=\"faq-list-group\">\n\t\t\t\t<h4><\/h4>\n\t\t\t\t           \n\t\t\t\t\t<div class=\"faq-item\">\n\t\t\t\t\t\t<h6 class=\"faq-title\">\n\t\t\t\t\t\t\tInscripci\u00f3n abierta\t\t\t\t\t\t\t<svg xmlns=\"http:\/\/www.w3.org\/2000\/svg\" width=\"12\" height=\"8\" viewBox=\"0 0 12 8\" fill=\"none\">\n\t\t\t\t\t\t\t\t<path d=\"M1 1.5L6.00025 6.5L11 1.5\" stroke=\"#4CA659\" stroke-width=\"1.5\" stroke-linecap=\"round\"\/>\n\t\t\t\t\t\t\t<\/svg>              \n\t\t\t\t\t\t<\/h6>\n\t\t\t\t\t\t<div class=\"faq-content\">\n\t\t\t\t\t\t\t<div id=\"text-editor\"><section class=\"text-editor\">\r\n\t<div class=\"text-editor-in fw flex wow fadeInUp50\" data-wow-duration=\"0.5s\">\r\n\t\t<p>Las fechas OE son del 11 de noviembre al 11 de diciembre de 2022, ver <strong><br \/>\n  <a href=\"https:\/\/pcmi.s3.amazonaws.com\/2022\/2023%20Health%20Insurance%20Auth%20form%20revised%2010.28.22.pdf\">Formulario de autorizaci\u00f3n de seguro m\u00e9dico<\/a><br \/>\n<\/strong> y el enlace a la inscripci\u00f3n en l\u00ednea a continuaci\u00f3n.<\/p>\n<p>Para navegar a Inscripci\u00f3n abierta en ADP:<\/p>\n<ul>\n<li>Acceder a <strong><br \/>\n  <a href=\"https:\/\/workforcenow.adp.com\/\" target=\"_blank\" rel=\"noopener\">https:\/\/workforcenow.adp.com\/<\/a><br \/>\n<\/strong><\/li>\n<li>En la pesta\u00f1a <strong>Yo mismo<\/strong>, seleccione <strong>Inscripci\u00f3n<\/strong> abierta<\/li>\n<li>Seleccione la <strong>sesi\u00f3n de inscripci\u00f3n abierta de 2023<\/strong><\/li>\n<\/ul>\n\t<\/div>\r\n<\/section>\r\n<style>.text-editor{width:100%;position:relative;padding-top:30px}.text-editor h4{color:var(--brand-color);margin-bottom:9px}.has-body-bg .text-editor,.has-body-bg .text-editor h1,.has-body-bg .text-editor h2,.has-body-bg .text-editor h3,.has-body-bg .text-editor h4,.has-body-bg .text-editor h5,.has-body-bg .text-editor h6{color:var(--light-color)}<\/style><style media=\"(min-width: 1024px)\">@media screen and (min-width:1025px){.text-editor{padding-top:64px}.text-editor h4{margin-bottom:6px}}<\/style><\/div><div id=\"button-block\"><section class=\"button-block\">\r\n\t<div class=\"button-block-in fw flex wow fadeInUp\"  data-wow-duration=\"0.5s\">\r\n\t<div class=\"button-wrap outline rounded\"><a href=\"https:\/\/pcmi.s3.amazonaws.com\/2022\/2023%20Health%20Insurance%20Auth%20form%20revised%2010.28.22.pdf\" target=\"_blank\" >Health Insurance Auth Form<\/a><\/div>\r\n\t<\/div>\r\n<\/section>\r\n<style>.button-block{padding-top:50px}.button-block .button-wrap+.button-wrap{margin-left:30px}.has-body-bg .button-block .button-wrap a{background:var(--light-color);color:var(--brand-color)}.has-body-bg .button-block .button-wrap a:hover{background:var(--dark-color);color:var(--light-color)}<\/style><style media=\"(min-width: 1024px)\"><\/style><\/div>\t\t\t\t\t\t<\/div>\n\t\t\t\t\t<\/div>\n\t\t\t\t           \n\t\t\t\t\t<div class=\"faq-item\">\n\t\t\t\t\t\t<h6 class=\"faq-title\">\n\t\t\t\t\t\t\tEncontrar un proveedor\t\t\t\t\t\t\t<svg xmlns=\"http:\/\/www.w3.org\/2000\/svg\" width=\"12\" height=\"8\" viewBox=\"0 0 12 8\" fill=\"none\">\n\t\t\t\t\t\t\t\t<path d=\"M1 1.5L6.00025 6.5L11 1.5\" stroke=\"#4CA659\" stroke-width=\"1.5\" stroke-linecap=\"round\"\/>\n\t\t\t\t\t\t\t<\/svg>              \n\t\t\t\t\t\t<\/h6>\n\t\t\t\t\t\t<div class=\"faq-content\">\n\t\t\t\t\t\t\t<div id=\"text-editor2\"><section class=\"text-editor\">\r\n\t<div class=\"text-editor-in fw flex wow fadeInUp50\" data-wow-duration=\"0.5s\">\r\n\t\t<h3>California<\/h3>\n<p>En California, su plan tiene acceso a una red de m\u00e9dicos, hospitales y proveedores de Anthem Blue Cross of California.<\/p>\n\t<\/div>\r\n<\/section>\r\n<\/div><div id=\"button-block2\"><section class=\"button-block\">\r\n\t<div class=\"button-block-in fw flex wow fadeInUp\"  data-wow-duration=\"0.5s\">\r\n\t<div class=\"button-wrap outline rounded\"><a href=\"https:\/\/anthem.com\/ca\/find-care\/\">Search For a Provider<\/a><\/div>\r\n\t<\/div>\r\n<\/section>\r\n<\/div><div id=\"text-editor4\"><section class=\"text-editor\">\r\n\t<div class=\"text-editor-in fw flex wow fadeInUp50\" data-wow-duration=\"0.5s\">\r\n\t\t<h3>Todos los dem\u00e1s Estados<\/h3>\n<p>En todos los dem\u00e1s estados, su plan tiene acceso a una red de m\u00e9dicos, hospitales y proveedores de FirstHealth.<\/p>\n\t<\/div>\r\n<\/section>\r\n<\/div><div id=\"button-block4\"><section class=\"button-block\">\r\n\t<div class=\"button-block-in fw flex wow fadeInUp\"  data-wow-duration=\"0.5s\">\r\n\t<div class=\"button-wrap outline rounded\"><a href=\"https:\/\/multiplan.com\">Search For a Provider<\/a><\/div>\r\n\t<\/div>\r\n<\/section>\r\n<\/div>\t\t\t\t\t\t<\/div>\n\t\t\t\t\t<\/div>\n\t\t\t\t           \n\t\t\t\t\t<div class=\"faq-item\">\n\t\t\t\t\t\t<h6 class=\"faq-title\">\n\t\t\t\t\t\t\tPrestaciones farmac\u00e9uticas\t\t\t\t\t\t\t<svg xmlns=\"http:\/\/www.w3.org\/2000\/svg\" width=\"12\" height=\"8\" viewBox=\"0 0 12 8\" fill=\"none\">\n\t\t\t\t\t\t\t\t<path d=\"M1 1.5L6.00025 6.5L11 1.5\" stroke=\"#4CA659\" stroke-width=\"1.5\" stroke-linecap=\"round\"\/>\n\t\t\t\t\t\t\t<\/svg>              \n\t\t\t\t\t\t<\/h6>\n\t\t\t\t\t\t<div class=\"faq-content\">\n\t\t\t\t\t\t\t<div id=\"text-editor6\"><section class=\"text-editor\">\r\n\t<div class=\"text-editor-in fw flex wow fadeInUp50\" data-wow-duration=\"0.5s\">\r\n\t\t<p>Pinnacle Rx Solutions le proporciona los servicios de farmacia. Haga clic a continuaci\u00f3n para obtener informaci\u00f3n sobre su formulario, farmacias participantes, pedidos por correo y mucho m\u00e1s.<\/p>\n\t<\/div>\r\n<\/section>\r\n<\/div><div id=\"button-block6\"><section class=\"button-block\">\r\n\t<div class=\"button-block-in fw flex wow fadeInUp\"  data-wow-duration=\"0.5s\">\r\n\t<div class=\"button-wrap outline rounded\"><a href=\"https:\/\/www.prxsolutions.com\/members\/\" target=\"_blank\" >PRxS<\/a><\/div>\r\n\t<\/div>\r\n<\/section>\r\n<\/div>\t\t\t\t\t\t<\/div>\n\t\t\t\t\t<\/div>\n\t\t\t\t           \n\t\t\t\t\t<div class=\"faq-item\">\n\t\t\t\t\t\t<h6 class=\"faq-title\">\n\t\t\t\t\t\t\tReto Wellness actual\t\t\t\t\t\t\t<svg xmlns=\"http:\/\/www.w3.org\/2000\/svg\" width=\"12\" height=\"8\" viewBox=\"0 0 12 8\" fill=\"none\">\n\t\t\t\t\t\t\t\t<path d=\"M1 1.5L6.00025 6.5L11 1.5\" stroke=\"#4CA659\" stroke-width=\"1.5\" stroke-linecap=\"round\"\/>\n\t\t\t\t\t\t\t<\/svg>              \n\t\t\t\t\t\t<\/h6>\n\t\t\t\t\t\t<div class=\"faq-content\">\n\t\t\t\t\t\t\t<div id=\"text-editor8\"><section class=\"text-editor\">\r\n\t<div class=\"text-editor-in fw flex wow fadeInUp50\" data-wow-duration=\"0.5s\">\r\n\t\t<p>Haga clic en Programa de bienestar para obtener m\u00e1s informaci\u00f3n:<\/p>\n<ul>\n<li>Calendario de bienestar<\/li>\n<li>Reto Wellness actual<\/li>\n<li>Seminario web mensual<\/li>\n<li>Bolet\u00edn de bienestar<\/li>\n<li>Kit de herramientas para el bienestar<\/li>\n<\/ul>\n\t<\/div>\r\n<\/section>\r\n<\/div><div id=\"button-block8\"><section class=\"button-block\">\r\n\t<div class=\"button-block-in fw flex wow fadeInUp\"  data-wow-duration=\"0.5s\">\r\n\t<div class=\"button-wrap outline rounded\"><a href=\"https:\/\/www.pinnaclehealthmanagement.com\/wellness\/\" target=\"_blank\" >Wellness Program<\/a><\/div>\r\n\t<\/div>\r\n<\/section>\r\n<\/div><div id=\"button-block10\"><section class=\"button-block\">\r\n\t<div class=\"button-block-in fw flex wow fadeInUp\"  data-wow-duration=\"0.5s\">\r\n\t<div class=\"button-wrap outline rounded\"><a href=\"https:\/\/pcmi.s3.amazonaws.com\/2022\/PHM_45792_well-coaching-enrollment-form_22_proof3.pdf\" target=\"_blank\" >Wellness Coaching Call Form<\/a><\/div>\r\n\t<\/div>\r\n<\/section>\r\n<\/div>\t\t\t\t\t\t<\/div>\n\t\t\t\t\t<\/div>\n\t\t\t\t           \n\t\t\t\t\t<div class=\"faq-item\">\n\t\t\t\t\t\t<h6 class=\"faq-title\">\n\t\t\t\t\t\t\tPrograma de Gesti\u00f3n Sanitaria\t\t\t\t\t\t\t<svg xmlns=\"http:\/\/www.w3.org\/2000\/svg\" width=\"12\" height=\"8\" viewBox=\"0 0 12 8\" fill=\"none\">\n\t\t\t\t\t\t\t\t<path d=\"M1 1.5L6.00025 6.5L11 1.5\" stroke=\"#4CA659\" stroke-width=\"1.5\" stroke-linecap=\"round\"\/>\n\t\t\t\t\t\t\t<\/svg>              \n\t\t\t\t\t\t<\/h6>\n\t\t\t\t\t\t<div class=\"faq-content\">\n\t\t\t\t\t\t\t<div id=\"text-editor10\"><section class=\"text-editor\">\r\n\t<div class=\"text-editor-in fw flex wow fadeInUp50\" data-wow-duration=\"0.5s\">\r\n\t\t<p>La Cl\u00ednica Sierra Vista y su socio Pinnacle Health Management (&#8220;PHM&#8221;) animan a los afiliados a beneficiarse del programa voluntario Health Management (HM). El objetivo del programa es ayudar a educar, motivar y capacitar a los empleados y\/o a las personas a su cargo para contrarrestar los efectos de una o todas las enfermedades siguientes: hipertensi\u00f3n, diabetes y asma. El programa HM proporciona a los empleados y a las personas a su cargo que re\u00fanan los requisitos necesarios y que hayan sido identificados con estas enfermedades acceso gratuito a los gestores sanitarios de PHM, as\u00ed como a documentaci\u00f3n espec\u00edfica para el paciente[1]. La Cl\u00ednica Sierra Vista ofrecer\u00e1 un descuento significativo en el coste de los medicamentos prescritos para ayudar a controlar o aliviar los estados de enfermedad diagnosticados a todos los participantes inscritos y que cumplan con el programa.<\/p>\n<p><strong>Requisitos del programa\/Cualificaciones\/Descuentos de copago<\/strong><\/p>\n<p>Todos los afiliados al plan de salud mayores de 18 a\u00f1os deben completar una Evaluaci\u00f3n de Riesgos de Salud y un examen biom\u00e9trico dentro de los 60 d\u00edas de elegibilidad inicial para el Plan y posteriormente seg\u00fan lo indique el Plan. Si se le identifica con un estado de enfermedad que re\u00fane los requisitos, inscr\u00edbase en el programa voluntario de gesti\u00f3n de la salud para recibir una reducci\u00f3n quincenal de la prima del plan de salud. Los estados de enfermedad que cumplen los requisitos son la hipertensi\u00f3n, la diabetes y el asma. Las personas cubiertas inscritas en el programa de gesti\u00f3n de la salud se re\u00fanen peri\u00f3dicamente con un gestor de atenci\u00f3n profesional para tratar la gesti\u00f3n de su enfermedad. Los participantes en el programa tambi\u00e9n reciben copagos reducidos en los medicamentos utilizados para tratar su enfermedad.<\/p>\n<p><strong>Programas voluntarios<\/strong><\/p>\n<p>Adem\u00e1s, el programa ofrece tres programas voluntarios\/opcionales: Mom to Be, Smoking Cessation y Weight Management. Estos programas no est\u00e1n vinculados a la reducci\u00f3n de las primas del seguro de enfermedad. Para participar en el programa de deshabituaci\u00f3n tab\u00e1quica, el afiliado debe declarar que consume productos del tabaco y que desea inscribirse en el programa. Para acogerse al programa de control de peso, el afiliado debe tener un \u00cdndice de Masa Corporal (IMC) igual o superior a 30. Los afiliados al programa de control de peso pueden recibir algunos medicamentos* recetados por su m\u00e9dico para ayudar a controlar el peso con un copago de $0. El programa Mom to Be ofrece orientaci\u00f3n, apoyo y recursos educativos a las futuras madres y sus familias. Para tener derecho a la ayuda, puede inscribirse mediante autoidentificaci\u00f3n antes de la semana 16.<\/p>\n<p>NOTA: El deducible debe satisfacerse antes de que se apliquen los copagos.<\/p>\n<p>Exclusiones Todos los afiliados al plan de salud mayores de 18 a\u00f1os pueden participar en los programas de diabetes, hipertensi\u00f3n, asma, maternidad y deshabituaci\u00f3n tab\u00e1quica. S\u00f3lo los empleados de la Cl\u00ednica Sierra Vista, su c\u00f3nyuge o pareja de hecho son elegibles para el programa de control de peso.<\/p>\n<ul>\n<li>Contactar con Pinnacle Health Management<\/li>\n<li>Llamada gratuita: <strong><br \/>\n  <a href=\"tel:+18442301121\">844.230.1121<\/a><br \/>\n<\/strong><\/li>\n<li>Correo electr\u00f3nico <strong><br \/>\n  <a href=\"mailto:clinicasierravistahm@pinnacletpa.com\">clinicasierravistahm@pinnacletpa.com<\/a><br \/>\n<\/strong><\/li>\n<\/ul>\n\t<\/div>\r\n<\/section>\r\n<\/div><div id=\"button-block12\"><section class=\"button-block\">\r\n\t<div class=\"button-block-in fw flex wow fadeInUp\"  data-wow-duration=\"0.5s\">\r\n\t<div class=\"button-wrap outline rounded\"><a href=\"https:\/\/pcmi.s3.amazonaws.com\/2022\/PHM_CSV_95177_biometric-screening-form_22_final_email.pdf\" target=\"_blank\" >Biometric Screening Form<\/a><\/div>\r\n\t<\/div>\r\n<\/section>\r\n<\/div><div id=\"button-block14\"><section class=\"button-block\">\r\n\t<div class=\"button-block-in fw flex wow fadeInUp\"  data-wow-duration=\"0.5s\">\r\n\t<div class=\"button-wrap outline rounded\"><a href=\"https:\/\/wga.s3.us-west-1.amazonaws.com\/pinnacle\/csv_faq-site\/PHM_CSV_95177_biometric-screening-form.pdf\" target=\"_blank\" >Health Risk Assessment Form<\/a><\/div>\r\n\t<\/div>\r\n<\/section>\r\n<\/div><div id=\"button-block16\"><section class=\"button-block\">\r\n\t<div class=\"button-block-in fw flex wow fadeInUp\"  data-wow-duration=\"0.5s\">\r\n\t<div class=\"button-wrap outline rounded\"><a href=\"https:\/\/pcmi.s3.amazonaws.com\/2022\/PHM_CSV_82559_enrollment_form_22_proof5.pdf\" target=\"_blank\" >Health Management Enrollment Form<\/a><\/div>\r\n\t<\/div>\r\n<\/section>\r\n<\/div>\t\t\t\t\t\t<\/div>\n\t\t\t\t\t<\/div>\n\t\t\t\t           \n\t\t\t\t\t<div class=\"faq-item\">\n\t\t\t\t\t\t<h6 class=\"faq-title\">\n\t\t\t\t\t\t\tContacto\t\t\t\t\t\t\t<svg xmlns=\"http:\/\/www.w3.org\/2000\/svg\" width=\"12\" height=\"8\" viewBox=\"0 0 12 8\" fill=\"none\">\n\t\t\t\t\t\t\t\t<path d=\"M1 1.5L6.00025 6.5L11 1.5\" stroke=\"#4CA659\" stroke-width=\"1.5\" stroke-linecap=\"round\"\/>\n\t\t\t\t\t\t\t<\/svg>              \n\t\t\t\t\t\t<\/h6>\n\t\t\t\t\t\t<div class=\"faq-content\">\n\t\t\t\t\t\t\t<div id=\"text-editor12\"><section class=\"text-editor\">\r\n\t<div class=\"text-editor-in fw flex wow fadeInUp50\" data-wow-duration=\"0.5s\">\r\n\t\t<h4><strong>Servicio de atenci\u00f3n al cliente de Pinnacle<\/strong><\/h4>\n<p>Clinica Sierra Vista l\u00ednea dedicada: <strong><br \/>\n  <a href=\"tel:+18557308646\">855.730.8646<\/a><br \/>\n<\/strong><br \/>\nDirecci\u00f3n de correo electr\u00f3nico: <strong><br \/>\n  <a href=\"mailto:customerservice@pinnacletpa.com\">customerservice@pinnacletpa.com<\/a><br \/>\n<\/strong><\/p>\n<p>Para acceder las 24 horas del d\u00eda, los 7 d\u00edas de la semana, a informaci\u00f3n detallada sobre sus prestaciones, requisitos y reclamaciones:<\/p>\n\t<\/div>\r\n<\/section>\r\n<\/div><div id=\"button-block18\"><section class=\"button-block\">\r\n\t<div class=\"button-block-in fw flex wow fadeInUp\"  data-wow-duration=\"0.5s\">\r\n\t<div class=\"button-wrap outline rounded\"><a href=\"https:\/\/healthview.pinnacletpa.com\/login.php\" target=\"_blank\" >Healthview Login<\/a><\/div>\r\n\t<\/div>\r\n<\/section>\r\n<\/div><div id=\"text-editor14\"><section class=\"text-editor\">\r\n\t<div class=\"text-editor-in fw flex wow fadeInUp50\" data-wow-duration=\"0.5s\">\r\n\t\t<h4><strong>Representante de atenci\u00f3n al cliente<\/strong><\/h4>\n<p>Juan Hern\u00e1ndez<br \/>\nM\u00f3vil: <strong><br \/>\n  <a href=\"tel:+12095617455\">209.561.7455<\/a><br \/>\n<\/strong><br \/>\nCorreo electr\u00f3nico <strong><br \/>\n  <a href=\"mailto:Jhernandez@pinnacletpa.com\">Jhernandez@pinnacletpa.com<\/a><br \/>\n<\/strong><\/p>\n<h4><strong>Cl\u00ednica Sierra Vista Recursos Humanos<\/strong><\/h4>\n<p>Michelle Murphy<br \/>\nOficina: <strong><br \/>\n  <a href=\"tel:+16616353050,2176\">661.635.3050 ext 2176<\/a><br \/>\n<\/strong><br \/>\nCorreo electr\u00f3nico <strong><br \/>\n  <a href=\"mailto:Michelle.Murphy@clinicasierravista.org\">Michelle.Murphy@clinicasierravista.org<\/a><br \/>\n<\/strong><\/p>\n\t<\/div>\r\n<\/section>\r\n<\/div>\t\t\t\t\t\t<\/div>\n\t\t\t\t\t<\/div>\n\t\t\t\t\t\t\t<\/div>\n\t\t\n<\/div>\n<\/section>\n<style>.faq-list{padding-top:50px;padding-bottom:60px}.faq-list .faq-list-group{width:100%;margin-top:50px}.faq-list .faq-list-group>h4{font-weight:var(--font-weight-semiBold)}.faq-list .faq-list-group:first-child{margin-top:0}.faq-list .faq-item{background:var(--accent-100-color);border-radius:12px}.faq-list .faq-item+.faq-item{margin-top:10px}.faq-list .faq-item .faq-title{display:-webkit-box;display:-webkit-flex;display:-ms-flexbox;display:flex;-webkit-box-pack:justify;-webkit-justify-content:space-between;-ms-flex-pack:justify;justify-content:space-between;margin:0;cursor:pointer;padding:25px 15px}.faq-list .faq-item .faq-title svg{margin-top:7px;-webkit-transition:all .3s ease-in-out;transition:all .3s ease-in-out}.faq-list .faq-item .faq-title svg path{stroke:var(--dark-color)}.faq-list .faq-item .faq-content{display:none;padding:0 15px 25px;margin-top:-4px}.faq-list .faq-item .text-editor{padding:0}.faq-list .faq-item .text-editor .text-editor-in{padding:0;visibility:visible!important;-webkit-animation:none!important;animation:none!important}.faq-list .faq-item .text-editor .text-editor-in.flex{-webkit-box-orient:vertical;-webkit-box-direction:normal;-webkit-flex-direction:column;-ms-flex-direction:column;flex-direction:column}.faq-list .faq-item .text-editor .text-editor-in p{line-height:1.5;letter-spacing:.01rem}.faq-list .faq-item .text-editor .text-editor-in ol,.faq-list .faq-item .text-editor .text-editor-in ul{margin-bottom:22px}@media screen and (min-width:1025px){.faq-list .faq-item .text-editor .text-editor-in ol,.faq-list .faq-item .text-editor .text-editor-in ul{margin-bottom:29px;margin-left:0}}.faq-list .faq-item .text-editor .text-editor-in ul li{list-style-type:initial}.faq-list .faq-item .text-editor .text-editor-in ol li,.faq-list .faq-item .text-editor .text-editor-in ul li{margin-left:19px;padding-left:0;line-height:1.4;letter-spacing:.01rem;margin-bottom:.5rem}.faq-list .faq-item .text-editor .text-editor-in ol li:last-child,.faq-list .faq-item .text-editor .text-editor-in ul li:last-child{margin-bottom:0}.faq-list .faq-item .text-editor .text-editor-in ol li::marker,.faq-list .faq-item .text-editor .text-editor-in ul li::marker{content:initial;color:var(--dark-color)}.faq-list .faq-item .text-editor .text-editor-in ol li{list-style-type:decimal}.faq-list .faq-item .button-block{padding:7px 0 0}.faq-list .faq-item .button-block .button-block-in,.faq-list .faq-item .multi-column-text .multi-column-text-in{padding:0}.faq-list .faq-item .multi-column-text{padding:20px 0 0}.faq-list .faq-item.active .faq-title svg{-webkit-transform:rotate(180deg);-ms-transform:rotate(180deg);transform:rotate(180deg)}.faq-list.has-box-shadow .faq-item{box-shadow:0 4px 15px rgba(0,0,0,.12)}.faq-list.list-style-border .faq-item{border-top:.5px solid var(--dark-color);background:0 0;border-radius:0;padding-left:0;padding-right:0;box-shadow:none}.faq-list.list-style-border .faq-item+.faq-item{margin-top:0}.has-body-bg .faq-list .faq-item .faq-title svg path{stroke:var(--light-color)}.has-body-bg .faq-list.list-style-border .faq-item{border-top:.5px solid var(--light-color);background:0 0}.has-body-bg .faq-list .faq-list-group>h1,.has-body-bg .faq-list .faq-list-group>h2,.has-body-bg .faq-list .faq-list-group>h3,.has-body-bg .faq-list .faq-list-group>h4,.has-body-bg .faq-list .faq-list-group>h5,.has-body-bg .faq-list .faq-list-group>h6,.has-body-bg .faq-list.list-style-border .faq-item .faq-title,.has-body-bg .faq-list.list-style-border .multi-column-text,.has-body-bg .faq-list.list-style-border .multi-column-text a,.has-body-bg .faq-list.list-style-border .text-editor{color:var(--light-color)}.has-body-bg .faq-list.list-style-border .button-block .button-wrap a{background:var(--light-color);color:var(--brand-color)}.has-body-bg .faq-list.list-style-border .button-block .button-wrap a:hover{background:var(--dark-color);color:var(--light-color)}.has-body-bg .faq-list .multi-column-text,.has-body-bg .faq-list .text-editor,.has-body-bg .faq-list.list-style-border .multi-column-text a:hover{color:var(--dark-color)}.has-body-bg .faq-list .button-block .button-wrap a{background:var(--brand-color);color:var(--light-color)}.has-body-bg .faq-list .button-block .button-wrap a:hover{background:var(--dark-color)}.has-body-bg .faq-list .multi-column-text a{color:var(--brand-color)}.has-body-bg .faq-list .multi-column-text a:hover{color:var(--dark-color)}.faq-list .wow{visibility:visible!important;-webkit-animation-name:none!important;animation-name:none!important}.faq-list [id*=button-block]+[id*=text-editor] .text-editor{padding-top:30px}<\/style><style media=\"(min-width: 1024px)\">@media screen and (min-width:1025px){.faq-list{padding-bottom:80px}.faq-list .faq-item .faq-content{padding-right:36px}.faq-list .faq-item .button-block{padding-top:29px}.faq-list .faq-item .multi-column-text{padding-top:36px}.faq-list [id*=button-block]+[id*=text-editor] .text-editor{padding-top:40px}}<\/style>\t\t<script type=\"text\/javascript\">\n\t\t\tdocument.addEventListener('DOMContentLoaded', (event) => {\n\t\t\t\tif(jQuery('.faq-list-group').length > 0){\n\t\t\t\t\tjQuery(\".faq-list-group .faq-title\").click(function() {\n\t\t\t\t\tvar heading = jQuery(this);\n\t\t\t\t\tvar closest_div = heading.closest(\".faq-list-group\");\n\t\t\t\t\tvar parallel_active_heading = closest_div.find(\".active\")\n\t\t\t\t\tvar closest_panel = heading.closest(\".faq-item\");\n\t\t\t\t\tvar heading_status = closest_panel.hasClass(\"active\");\n\t\t\t\t\tvar count = 0;\n\n\t\t\t\t\tclosest_div.find(\".faq-content\").slideUp(function() {\n\t\t\t\t\t\tif (++count == closest_div.find(\".faq-content\").length)\n\t\t\t\t\t\t\tparallel_active_heading.removeClass(\"active\");\n\t\t\t\t\t});\n\n\t\t\t\t\tif (!heading_status) {\n\t\t\t\t\t\tclosest_panel.children(\".faq-content\").slideDown();\n\t\t\t\t\t\tclosest_panel.addClass(\"active\");\n\t\t\t\t\t}\n\t\t\t\t\t});\n\t\t\t\t}\n\t\t\t});\n\t\t<\/script>\n\t\t<\/div><div id=\"contact-form\"><section class=\"contact-form has-background\">\r\n\t<div class=\"contact-form-in fw wow fadeIn\"  data-wow-duration=\"0.5s\">\r\n\t\t\t\t\t<h3>\u00bfPreguntas? P\u00f3ngase en contacto con nosotros<\/h3>\r\n\t\t<!DOCTYPE html><html><head><meta charset='UTF-8' \/><\/head><body class='GF_AJAX_POSTBACK'><p class=\"gform_not_found\">Oops! We could not locate your form.<\/p><\/body><\/html>\t<\/div>\r\n\t\t\t\t\r\n\t<\/div>\r\n<\/section>\r\n \r\n<style>.contact-form{width:100%;position:relative;padding-top:30px;padding-bottom:50px}.contact-form.has-background{padding:40px 0 36px;background:var(--form-bg)}.contact-form.has-background h3{color:var(--light-color)}.contact-form .contact-form-in{max-width:1030px}.contact-form .contact-form-in .gform_confirmation_wrapper{text-align:center}.contact-form .contact-form-in .gform_confirmation_wrapper .gform_confirmation_message{color:#fff}.has-body-bg .contact-form .gform_legacy_markup_wrapper .button-wrap button{border:1px solid var(--light-color)}.has-body-bg .contact-form .gform_legacy_markup_wrapper .button-wrap button:hover{background:var(--light-color);color:var(--dark-color)}<\/style><style media=\"(min-width: 1024px)\">@media screen and (min-width:1025px){.contact-form{padding-top:30px;padding-bottom:50px}.contact-form.has-background{padding:71px 0 84px}.contact-form h3{text-align:center}}<\/style><\/div>","protected":false},"excerpt":{"rendered":"","protected":false},"author":1,"featured_media":0,"parent":0,"menu_order":0,"comment_status":"closed","ping_status":"closed","template":"","meta":[],"acf":[],"_links":{"self":[{"href":"https:\/\/csv.mybenefitsfaq.com\/es\/wp-json\/wp\/v2\/pages\/315"}],"collection":[{"href":"https:\/\/csv.mybenefitsfaq.com\/es\/wp-json\/wp\/v2\/pages"}],"about":[{"href":"https:\/\/csv.mybenefitsfaq.com\/es\/wp-json\/wp\/v2\/types\/page"}],"author":[{"embeddable":true,"href":"https:\/\/csv.mybenefitsfaq.com\/es\/wp-json\/wp\/v2\/users\/1"}],"replies":[{"embeddable":true,"href":"https:\/\/csv.mybenefitsfaq.com\/es\/wp-json\/wp\/v2\/comments?post=315"}],"version-history":[{"count":4,"href":"https:\/\/csv.mybenefitsfaq.com\/es\/wp-json\/wp\/v2\/pages\/315\/revisions"}],"predecessor-version":[{"id":340,"href":"https:\/\/csv.mybenefitsfaq.com\/es\/wp-json\/wp\/v2\/pages\/315\/revisions\/340"}],"wp:attachment":[{"href":"https:\/\/csv.mybenefitsfaq.com\/es\/wp-json\/wp\/v2\/media?parent=315"}],"curies":[{"name":"wp","href":"https:\/\/api.w.org\/{rel}","templated":true}]}}